{"id":802,"date":"2024-12-06T21:38:30","date_gmt":"2024-12-06T20:38:30","guid":{"rendered":"https:\/\/laclassedemonsieurtorres.fr\/?page_id=802"},"modified":"2025-08-07T20:30:59","modified_gmt":"2025-08-07T18:30:59","slug":"le-projet","status":"publish","type":"page","link":"https:\/\/laclassedemonsieurtorres.fr\/index.php\/le-projet\/","title":{"rendered":"LE PROJET"},"content":{"rendered":"<div class=\"wp-block-image\">\n<figure class=\"aligncenter size-full\"><img loading=\"lazy\" decoding=\"async\" width=\"1022\" height=\"455\" src=\"https:\/\/laclassedemonsieurtorres.fr\/wp-content\/uploads\/2024\/12\/PROJETBIG-MANUEL-1-1024x576-1.png\" alt=\"\" class=\"wp-image-872\" srcset=\"https:\/\/laclassedemonsieurtorres.fr\/wp-content\/uploads\/2024\/12\/PROJETBIG-MANUEL-1-1024x576-1.png 1022w, https:\/\/laclassedemonsieurtorres.fr\/wp-content\/uploads\/2024\/12\/PROJETBIG-MANUEL-1-1024x576-1-300x134.png 300w, https:\/\/laclassedemonsieurtorres.fr\/wp-content\/uploads\/2024\/12\/PROJETBIG-MANUEL-1-1024x576-1-768x342.png 768w\" sizes=\"auto, (max-width: 1022px) 100vw, 1022px\" \/><\/figure>\n<\/div>\n\n\n<p class=\"has-medium-font-size\"><br>J\u2019ai con\u00e7u mes fiches d&#8217;exercices comme une alliance entre exercices <em><strong>traditionnels<\/strong><\/em> \u00e0 recopier et des ouvrages documentaires <em><strong>illustr\u00e9s<\/strong><\/em>. Elles s\u2019adressent aux <em><strong>enfants<\/strong><\/em> de <em><strong>9<\/strong><\/em> \u00e0 <em><strong>13 ans<\/strong><\/em>. Elles sont con\u00e7ues pour r\u00e9pondre aux attentes des <em><strong>parents<\/strong><\/em> soucieux de renforcer les <em><strong>bases<\/strong><\/em> en <em><strong>orthographe<\/strong><\/em> de leurs enfants, ainsi qu\u2019aux <em><strong>professionnels<\/strong><\/em> de l\u2019\u00e9ducation. <\/p>\n\n\n\n<p class=\"has-text-align-center has-medium-font-size\">Chaque fiche propose un <em><strong>univers<\/strong><\/em> <em><strong>culturel<\/strong><\/em> <em><strong>diff\u00e9rent<\/strong><\/em>, pens\u00e9 pour consolider l\u2019orthographe et nourrir l\u2019<em><strong>imaginaire<\/strong><\/em>. <\/p>\n\n\n\n<p class=\"has-text-align-center has-medium-font-size\">Chaque <em><strong>progression<\/strong><\/em> annuelle aborde, <em><strong>renforce<\/strong><\/em> et <em><strong>automatise<\/strong><\/em> les <em><strong>fondamentaux<\/strong><\/em> de la langue.<\/p>\n\n\n<div class=\"wp-block-image\">\n<figure class=\"aligncenter size-full\"><img loading=\"lazy\" decoding=\"async\" width=\"1024\" height=\"358\" src=\"https:\/\/laclassedemonsieurtorres.fr\/wp-content\/uploads\/2024\/12\/CHEVEUX-BLANCS-1024x391-1.png\" alt=\"\" class=\"wp-image-874\" srcset=\"https:\/\/laclassedemonsieurtorres.fr\/wp-content\/uploads\/2024\/12\/CHEVEUX-BLANCS-1024x391-1.png 1024w, https:\/\/laclassedemonsieurtorres.fr\/wp-content\/uploads\/2024\/12\/CHEVEUX-BLANCS-1024x391-1-300x105.png 300w, https:\/\/laclassedemonsieurtorres.fr\/wp-content\/uploads\/2024\/12\/CHEVEUX-BLANCS-1024x391-1-768x269.png 768w\" sizes=\"auto, (max-width: 1024px) 100vw, 1024px\" \/><\/figure>\n<\/div>\n\n<div class=\"wp-block-image\">\n<figure class=\"aligncenter size-full\"><img loading=\"lazy\" decoding=\"async\" width=\"903\" height=\"105\" src=\"https:\/\/laclassedemonsieurtorres.fr\/wp-content\/uploads\/2025\/08\/Lecture-en-danger-2.png\" alt=\"\" class=\"wp-image-1210\" srcset=\"https:\/\/laclassedemonsieurtorres.fr\/wp-content\/uploads\/2025\/08\/Lecture-en-danger-2.png 903w, https:\/\/laclassedemonsieurtorres.fr\/wp-content\/uploads\/2025\/08\/Lecture-en-danger-2-300x35.png 300w, https:\/\/laclassedemonsieurtorres.fr\/wp-content\/uploads\/2025\/08\/Lecture-en-danger-2-768x89.png 768w\" sizes=\"auto, (max-width: 903px) 100vw, 903px\" \/><\/figure>\n<\/div>\n\n\n<p class=\"has-medium-font-size\">L\u2019orthographe des enfants ne cesse de se d\u00e9grader. La cause premi\u00e8re r\u00e9side dans la chute drastique du volume de mots r\u00e9ellement \u00e9crits \u00e0 l\u2019\u00e9cole. Le\u00e7ons \u00e0 trous, polycopi\u00e9s, cartes mentales, exercices \u00e9clairs, travaux num\u00e9riques ont divis\u00e9 par huit le nombre de mots que nos enfants \u00e9crivent. <em><strong>Or, les mots et les phrases sont les pierres vives de la pens\u00e9e. L\u2019urgence est r\u00e9elle : il faut remettre nos enfants \u00e0 l\u2019\u00e9criture.<\/strong><\/em><\/p>\n\n\n<div class=\"wp-block-image\">\n<figure class=\"aligncenter size-large\"><img loading=\"lazy\" decoding=\"async\" width=\"1024\" height=\"464\" src=\"https:\/\/laclassedemonsieurtorres.fr\/wp-content\/uploads\/2025\/08\/Tableau-nombre-mots-5-1024x464.png\" alt=\"\" class=\"wp-image-1245\" srcset=\"https:\/\/laclassedemonsieurtorres.fr\/wp-content\/uploads\/2025\/08\/Tableau-nombre-mots-5-1024x464.png 1024w, https:\/\/laclassedemonsieurtorres.fr\/wp-content\/uploads\/2025\/08\/Tableau-nombre-mots-5-300x136.png 300w, https:\/\/laclassedemonsieurtorres.fr\/wp-content\/uploads\/2025\/08\/Tableau-nombre-mots-5-768x348.png 768w, https:\/\/laclassedemonsieurtorres.fr\/wp-content\/uploads\/2025\/08\/Tableau-nombre-mots-5.png 1212w\" sizes=\"auto, (max-width: 1024px) 100vw, 1024px\" \/><\/figure>\n<\/div>\n\n<div class=\"wp-block-image\">\n<figure class=\"aligncenter size-full is-resized\"><img loading=\"lazy\" decoding=\"async\" width=\"1025\" height=\"221\" src=\"https:\/\/laclassedemonsieurtorres.fr\/wp-content\/uploads\/2025\/08\/Automatisme-2.png\" alt=\"\" class=\"wp-image-1234\" style=\"width:721px;height:auto\" srcset=\"https:\/\/laclassedemonsieurtorres.fr\/wp-content\/uploads\/2025\/08\/Automatisme-2.png 1025w, https:\/\/laclassedemonsieurtorres.fr\/wp-content\/uploads\/2025\/08\/Automatisme-2-300x65.png 300w, https:\/\/laclassedemonsieurtorres.fr\/wp-content\/uploads\/2025\/08\/Automatisme-2-768x166.png 768w\" sizes=\"auto, (max-width: 1025px) 100vw, 1025px\" \/><\/figure>\n<\/div>\n\n\n<p class=\"has-medium-font-size\">Mon site propose des exercices \u00e0 recopier \u00e0 la main. Con\u00e7us pour d\u00e9velopper la concentration, ils s\u2019appuient sur la r\u00e9p\u00e9tition pour cr\u00e9er des rep\u00e8res rassurants. L\u2019enfant y apprend l\u2019application et le go\u00fbt de l\u2019effort dans un cadre stable et pr\u00e9visible. Cette r\u00e9gularit\u00e9 construit les automatismes indispensables pour \u00e9crire correctement. <\/p>\n\n\n<div class=\"wp-block-image\">\n<figure class=\"aligncenter size-full is-resized\"><img loading=\"lazy\" decoding=\"async\" width=\"1000\" height=\"294\" src=\"https:\/\/laclassedemonsieurtorres.fr\/wp-content\/uploads\/2025\/08\/Clignotant-3.png\" alt=\"\" class=\"wp-image-1250\" style=\"width:742px;height:auto\" srcset=\"https:\/\/laclassedemonsieurtorres.fr\/wp-content\/uploads\/2025\/08\/Clignotant-3.png 1000w, https:\/\/laclassedemonsieurtorres.fr\/wp-content\/uploads\/2025\/08\/Clignotant-3-300x88.png 300w, https:\/\/laclassedemonsieurtorres.fr\/wp-content\/uploads\/2025\/08\/Clignotant-3-768x226.png 768w\" sizes=\"auto, (max-width: 1000px) 100vw, 1000px\" \/><\/figure>\n<\/div>\n\n\n<p class=\"has-medium-font-size\">J\u2019ai centr\u00e9 \u00e0 dessein les exercices sur les piliers de la langue, \u00e0 travers un programme r\u00e9p\u00e9titif et progressif : conjugaisons, accords, homophones, participes pass\u00e9s, infinitifs&#8230;<\/p>\n\n\n\n<figure class=\"wp-block-image size-large\"><img loading=\"lazy\" decoding=\"async\" width=\"1024\" height=\"134\" src=\"https:\/\/laclassedemonsieurtorres.fr\/wp-content\/uploads\/2025\/08\/Captivant-1024x134.png\" alt=\"\" class=\"wp-image-1247\" srcset=\"https:\/\/laclassedemonsieurtorres.fr\/wp-content\/uploads\/2025\/08\/Captivant-1024x134.png 1024w, https:\/\/laclassedemonsieurtorres.fr\/wp-content\/uploads\/2025\/08\/Captivant-300x39.png 300w, https:\/\/laclassedemonsieurtorres.fr\/wp-content\/uploads\/2025\/08\/Captivant-768x101.png 768w, https:\/\/laclassedemonsieurtorres.fr\/wp-content\/uploads\/2025\/08\/Captivant.png 1089w\" sizes=\"auto, (max-width: 1024px) 100vw, 1024px\" \/><\/figure>\n\n\n\n<p class=\"has-text-align-center has-medium-font-size\">Pour capter l&#8217;attention, <strong>plaire <\/strong>tout en <strong>instruisant<\/strong>, j&#8217;ai choisi des sujets <strong>app\u00e9tissants<\/strong>, des <strong>illustrations vives <\/strong>et des <strong>consignes claires<\/strong>.<\/p>\n\n\n<div class=\"wp-block-image\">\n<figure class=\"aligncenter size-full is-resized\"><img loading=\"lazy\" decoding=\"async\" width=\"1170\" height=\"472\" src=\"https:\/\/laclassedemonsieurtorres.fr\/wp-content\/uploads\/2024\/12\/CONSIGNES.png\" alt=\"\" class=\"wp-image-965\" style=\"width:790px;height:auto\" srcset=\"https:\/\/laclassedemonsieurtorres.fr\/wp-content\/uploads\/2024\/12\/CONSIGNES.png 1170w, https:\/\/laclassedemonsieurtorres.fr\/wp-content\/uploads\/2024\/12\/CONSIGNES-300x121.png 300w, https:\/\/laclassedemonsieurtorres.fr\/wp-content\/uploads\/2024\/12\/CONSIGNES-1024x413.png 1024w, https:\/\/laclassedemonsieurtorres.fr\/wp-content\/uploads\/2024\/12\/CONSIGNES-768x310.png 768w\" sizes=\"auto, (max-width: 1170px) 100vw, 1170px\" \/><\/figure>\n<\/div>\n\n\n<p class=\"has-text-align-center has-medium-font-size\"><strong>Une le\u00e7on claire pour les parents et les \u00e9l\u00e8ves.<\/strong><\/p>\n\n\n<div class=\"wp-block-image\">\n<figure class=\"aligncenter size-large is-resized\"><img loading=\"lazy\" decoding=\"async\" width=\"1024\" height=\"185\" src=\"https:\/\/laclassedemonsieurtorres.fr\/wp-content\/uploads\/2024\/12\/FRISE2-1024x185.png\" alt=\"\" class=\"wp-image-850\" style=\"width:804px;height:auto\" srcset=\"https:\/\/laclassedemonsieurtorres.fr\/wp-content\/uploads\/2024\/12\/FRISE2-1024x185.png 1024w, https:\/\/laclassedemonsieurtorres.fr\/wp-content\/uploads\/2024\/12\/FRISE2-300x54.png 300w, https:\/\/laclassedemonsieurtorres.fr\/wp-content\/uploads\/2024\/12\/FRISE2-768x139.png 768w, https:\/\/laclassedemonsieurtorres.fr\/wp-content\/uploads\/2024\/12\/FRISE2.png 1066w\" sizes=\"auto, (max-width: 1024px) 100vw, 1024px\" \/><\/figure>\n<\/div>\n\n\n<p class=\"has-medium-font-size\">En classe, ces exercices me permettent d&#8217;installer mes \u00e9l\u00e8ves dans <strong>un temps de travail long<\/strong> : <strong>30 minutes<\/strong> (ils le terminent \u00e0 la maison). D&#8217;abord, ils s&#8217;\u00e9pouvantent : \u00ab <em><strong>Quoi ? Il faut tout recopier ?<\/strong><\/em> \u00bb. Puis, le calme s&#8217;installe, les stylos grattent, les yeux se tournent vers la le\u00e7on au bas de la feuille.<\/p>\n\n\n\n<p class=\"has-text-align-center has-medium-font-size\"><strong>Les enfants et les jeunes ados sont capables de s&#8217;installer dans une t\u00e2che longue et r\u00e9p\u00e9titive lorsqu&#8217;elle est claire, car ils la trouvent  s\u00e9curisante et valorisante.<\/strong><\/p>\n\n\n\n<p class=\"has-medium-font-size\">Les <strong>exercices couleur<\/strong>, plus attrayants, et toutes les <strong>corrections <\/strong>sont disponibles via le lien de t\u00e9l\u00e9chargement sur ma <strong>page Ko-Fi<\/strong>, une plateforme reconnue et s\u00e9curis\u00e9e de vente de produits digitaux. Vous pouvez, si le c\u0153ur vous en dit, soutenir mon projet. <\/p>\n\n\n\n<p class=\"has-text-align-center\"><\/p>\n\n\n\n<p class=\"has-medium-font-size\">Le travail qui reste \u00e0 accomplir est colossal. Je r\u00e9alise toutes les illustrations avec une intelligence artificielle (Midjourney). Les textes, les id\u00e9es, les corrections, la mise en page et ce site sont le fruit de ma t\u00eate et de mes dix doigts. Je publierai au moins <strong>deux exercices <\/strong>par <strong>mois<\/strong>. Je songe \u00e0 des versions <strong>plus accessibles<\/strong> aux \u00e9l\u00e8ves de <strong>primaires <\/strong>ou aux \u00e9l\u00e8ves en <strong>difficult\u00e9<\/strong>.<\/p>\n\n\n\n<p class=\"has-medium-font-size\">\u00c0 ce jour, 40 exercices sont disponibles. <strong>Deux nouveaux <\/strong>arriveront <strong>chaque moi <\/strong>et ainsi de suite. Je me donne <strong>deux ans<\/strong> pour construire une communaut\u00e9 solide et lancer une <strong>campagne <\/strong>de <strong>financement participatif<\/strong>. Mon <strong>r\u00eave <\/strong>est de voir ces <strong>exercices imprim\u00e9s accessibles <\/strong>au plus grand nombre.<\/p>\n\n\n\n<p class=\"has-text-align-center has-medium-font-size\"><strong>Les 20 exercices \u00e0 venir traiteront toujours des r\u00e8gles orthographiques fondamentales, mais avec des niveaux de difficult\u00e9 progressifs.<\/strong><\/p>\n\n\n\n<div class=\"wp-block-columns is-layout-flex wp-container-core-columns-is-layout-9d6595d7 wp-block-columns-is-layout-flex\">\n<div class=\"wp-block-column is-layout-flow wp-block-column-is-layout-flow\"><div class=\"wp-block-image\">\n<figure class=\"aligncenter size-full\"><img loading=\"lazy\" decoding=\"async\" width=\"474\" height=\"834\" src=\"https:\/\/laclassedemonsieurtorres.fr\/wp-content\/uploads\/2024\/12\/EXO-a-venir-1.png\" alt=\"\" class=\"wp-image-830\" srcset=\"https:\/\/laclassedemonsieurtorres.fr\/wp-content\/uploads\/2024\/12\/EXO-a-venir-1.png 474w, https:\/\/laclassedemonsieurtorres.fr\/wp-content\/uploads\/2024\/12\/EXO-a-venir-1-171x300.png 171w\" sizes=\"auto, (max-width: 474px) 100vw, 474px\" \/><\/figure>\n<\/div><\/div>\n<\/div>\n","protected":false},"excerpt":{"rendered":"<p>J\u2019ai con\u00e7u mes fiches d&#8217;exercices comme une alliance entre exercices traditionnels \u00e0 recopier et des ouvrages documentaires illustr\u00e9s. Elles s\u2019adressent aux enfants de 9 \u00e0 13 ans. Elles sont con\u00e7ues pour r\u00e9pondre aux attentes des parents soucieux de renforcer les bases en orthographe de leurs enfants,&hellip;<\/p>\n","protected":false},"author":2,"featured_media":0,"parent":0,"menu_order":0,"comment_status":"closed","ping_status":"closed","template":"","meta":{"footnotes":""},"class_list":["post-802","page","type-page","status-publish","hentry"],"_links":{"self":[{"href":"https:\/\/laclassedemonsieurtorres.fr\/index.php\/wp-json\/wp\/v2\/pages\/802","targetHints":{"allow":["GET"]}}],"collection":[{"href":"https:\/\/laclassedemonsieurtorres.fr\/index.php\/wp-json\/wp\/v2\/pages"}],"about":[{"href":"https:\/\/laclassedemonsieurtorres.fr\/index.php\/wp-json\/wp\/v2\/types\/page"}],"author":[{"embeddable":true,"href":"https:\/\/laclassedemonsieurtorres.fr\/index.php\/wp-json\/wp\/v2\/users\/2"}],"replies":[{"embeddable":true,"href":"https:\/\/laclassedemonsieurtorres.fr\/index.php\/wp-json\/wp\/v2\/comments?post=802"}],"version-history":[{"count":79,"href":"https:\/\/laclassedemonsieurtorres.fr\/index.php\/wp-json\/wp\/v2\/pages\/802\/revisions"}],"predecessor-version":[{"id":1251,"href":"https:\/\/laclassedemonsieurtorres.fr\/index.php\/wp-json\/wp\/v2\/pages\/802\/revisions\/1251"}],"wp:attachment":[{"href":"https:\/\/laclassedemonsieurtorres.fr\/index.php\/wp-json\/wp\/v2\/media?parent=802"}],"curies":[{"name":"wp","href":"https:\/\/api.w.org\/{rel}","templated":true}]}}