{"id":1429,"date":"2025-09-10T23:36:54","date_gmt":"2025-09-10T21:36:54","guid":{"rendered":"https:\/\/laclassedemonsieurtorres.fr\/?page_id=1429"},"modified":"2025-09-15T08:18:49","modified_gmt":"2025-09-15T06:18:49","slug":"exercices","status":"publish","type":"page","link":"https:\/\/laclassedemonsieurtorres.fr\/index.php\/exercices\/","title":{"rendered":"EXERCICES"},"content":{"rendered":"\n<figure class=\"wp-block-image size-full\"><a href=\"https:\/\/laclassedemonsieurtorres.fr\/index.php\/le-projet\/\"><img loading=\"lazy\" decoding=\"async\" width=\"1022\" height=\"455\" src=\"http:\/\/laclassedemonsieurtorres.fr\/wp-content\/uploads\/2024\/12\/PROJETBIG-MANUEL-1-1024x576-1.png\" alt=\"\" class=\"wp-image-872\" srcset=\"https:\/\/laclassedemonsieurtorres.fr\/wp-content\/uploads\/2024\/12\/PROJETBIG-MANUEL-1-1024x576-1.png 1022w, https:\/\/laclassedemonsieurtorres.fr\/wp-content\/uploads\/2024\/12\/PROJETBIG-MANUEL-1-1024x576-1-300x134.png 300w, https:\/\/laclassedemonsieurtorres.fr\/wp-content\/uploads\/2024\/12\/PROJETBIG-MANUEL-1-1024x576-1-768x342.png 768w\" sizes=\"auto, (max-width: 1022px) 100vw, 1022px\" \/><\/a><\/figure>\n\n\n\n<p class=\"has-text-align-center\">Ce site fonctionne tr\u00e8s simplement. Vous trouverez ci-dessous 3 sections : <\/p>\n\n\n\n<p class=\"has-text-align-center\">\u00ab Textes et Le\u00e7ons \u00bb,  \u00ab Exercices \u00bb et \u00ab Curiosit\u00e9s \u00bb. <\/p>\n\n\n\n<p class=\"has-text-align-center\">Suivez le guide&#8230;<\/p>\n\n\n\n<p class=\"has-text-align-center has-medium-font-size\">Vous souvenez-vous du \u00ab<em><strong> Bled<\/strong><\/em> \u00bb, ces exercices de 12 phrases qui nous occupaient des heures enti\u00e8res et <strong>surtout <\/strong>nous apprenaient <strong>l&#8217;orthographe <\/strong>? C&#8217;\u00e9tait long, c&#8217;\u00e9tait triste, c&#8217;\u00e9tait @#$%*&amp; ! Mais c&#8217;\u00e9tait tr\u00e8s <strong>efficace <\/strong>! Je vous pr\u00e9sente <strong>mes exercices<\/strong>. Ils sont longs, ils sont en couleurs, ils sont attrayants et vous pourriez m\u00eame apprendre des choses ;o).<\/p>\n\n\n\n<p class=\"has-text-align-center\">Chaque exercice de ce site traite d&#8217;une r\u00e8gle d&#8217;<strong>orthographe fondamentale<\/strong>. Chaque exercice aborde un <strong>sujet plaisant<\/strong>. 20 sont d\u00e9j\u00e0 disponibles. 80 autres sont \u00e0 venir. Et j&#8217;aurais besoin d&#8217;un coup de pouce&#8230;<\/p>\n\n\n\n<div class=\"wp-block-columns is-layout-flex wp-container-core-columns-is-layout-9d6595d7 wp-block-columns-is-layout-flex\">\n<div class=\"wp-block-column is-layout-flow wp-block-column-is-layout-flow\">\n<div class=\"wp-block-columns is-layout-flex wp-container-core-columns-is-layout-9d6595d7 wp-block-columns-is-layout-flex\">\n<div class=\"wp-block-column is-layout-flow wp-block-column-is-layout-flow\">\n<figure class=\"wp-block-image size-full\"><a href=\"https:\/\/laclassedemonsieurtorres.fr\/index.php\/exercices-cm1\/\"><img loading=\"lazy\" decoding=\"async\" width=\"495\" height=\"343\" src=\"http:\/\/laclassedemonsieurtorres.fr\/wp-content\/uploads\/2025\/08\/CM1.png\" alt=\"\" class=\"wp-image-1077\" srcset=\"https:\/\/laclassedemonsieurtorres.fr\/wp-content\/uploads\/2025\/08\/CM1.png 495w, https:\/\/laclassedemonsieurtorres.fr\/wp-content\/uploads\/2025\/08\/CM1-300x208.png 300w\" sizes=\"auto, (max-width: 495px) 100vw, 495px\" \/><\/a><\/figure>\n<\/div>\n\n\n\n<div class=\"wp-block-column is-layout-flow wp-block-column-is-layout-flow\">\n<figure class=\"wp-block-image size-full\"><a href=\"https:\/\/laclassedemonsieurtorres.fr\/index.php\/exercices-cm2\/\"><img loading=\"lazy\" decoding=\"async\" width=\"504\" height=\"334\" src=\"http:\/\/laclassedemonsieurtorres.fr\/wp-content\/uploads\/2025\/08\/CM2.png\" alt=\"\" class=\"wp-image-1078\" srcset=\"https:\/\/laclassedemonsieurtorres.fr\/wp-content\/uploads\/2025\/08\/CM2.png 504w, https:\/\/laclassedemonsieurtorres.fr\/wp-content\/uploads\/2025\/08\/CM2-300x199.png 300w\" sizes=\"auto, (max-width: 504px) 100vw, 504px\" \/><\/a><\/figure>\n<\/div>\n<\/div>\n<\/div>\n<\/div>\n\n\n\n<div class=\"wp-block-columns is-layout-flex wp-container-core-columns-is-layout-9d6595d7 wp-block-columns-is-layout-flex\">\n<div class=\"wp-block-column is-vertically-aligned-stretch is-layout-flow wp-block-column-is-layout-flow\">\n<div class=\"wp-block-columns is-layout-flex wp-container-core-columns-is-layout-9d6595d7 wp-block-columns-is-layout-flex\">\n<div class=\"wp-block-column is-layout-flow wp-block-column-is-layout-flow\">\n<figure class=\"wp-block-image size-full\"><a href=\"https:\/\/laclassedemonsieurtorres.fr\/index.php\/exercices-6eme\/\"><img loading=\"lazy\" decoding=\"async\" width=\"504\" height=\"333\" src=\"http:\/\/laclassedemonsieurtorres.fr\/wp-content\/uploads\/2025\/08\/6e.png\" alt=\"\" class=\"wp-image-1079\" srcset=\"https:\/\/laclassedemonsieurtorres.fr\/wp-content\/uploads\/2025\/08\/6e.png 504w, https:\/\/laclassedemonsieurtorres.fr\/wp-content\/uploads\/2025\/08\/6e-300x198.png 300w\" sizes=\"auto, (max-width: 504px) 100vw, 504px\" \/><\/a><\/figure>\n<\/div>\n\n\n\n<div class=\"wp-block-column is-layout-flow wp-block-column-is-layout-flow\">\n<figure class=\"wp-block-image size-full\"><a href=\"https:\/\/laclassedemonsieurtorres.fr\/index.php\/exercices-5eme\/\"><img loading=\"lazy\" decoding=\"async\" width=\"500\" height=\"322\" src=\"http:\/\/laclassedemonsieurtorres.fr\/wp-content\/uploads\/2025\/08\/5e.png\" alt=\"\" class=\"wp-image-1080\" srcset=\"https:\/\/laclassedemonsieurtorres.fr\/wp-content\/uploads\/2025\/08\/5e.png 500w, https:\/\/laclassedemonsieurtorres.fr\/wp-content\/uploads\/2025\/08\/5e-300x193.png 300w\" sizes=\"auto, (max-width: 500px) 100vw, 500px\" \/><\/a><\/figure>\n<\/div>\n<\/div>\n<\/div>\n<\/div>\n\n\n\n<div class=\"wp-block-columns is-layout-flex wp-container-core-columns-is-layout-9d6595d7 wp-block-columns-is-layout-flex\">\n<div class=\"wp-block-column is-layout-flow wp-block-column-is-layout-flow\"><div class=\"wp-block-image\">\n<figure class=\"aligncenter size-full is-resized\"><a href=\"https:\/\/laclassedemonsieurtorres.fr\/index.php\/exercices-4eme\/\"><img loading=\"lazy\" decoding=\"async\" width=\"503\" height=\"346\" src=\"http:\/\/laclassedemonsieurtorres.fr\/wp-content\/uploads\/2025\/08\/4e.png\" alt=\"\" class=\"wp-image-1081\" style=\"width:420px;height:auto\" srcset=\"https:\/\/laclassedemonsieurtorres.fr\/wp-content\/uploads\/2025\/08\/4e.png 503w, https:\/\/laclassedemonsieurtorres.fr\/wp-content\/uploads\/2025\/08\/4e-300x206.png 300w\" sizes=\"auto, (max-width: 503px) 100vw, 503px\" \/><\/a><\/figure>\n<\/div><\/div>\n<\/div>\n","protected":false},"excerpt":{"rendered":"<p>Ce site fonctionne tr\u00e8s simplement. Vous trouverez ci-dessous 3 sections : \u00ab Textes et Le\u00e7ons \u00bb, \u00ab Exercices \u00bb et \u00ab Curiosit\u00e9s \u00bb. Suivez le guide&#8230; Vous souvenez-vous du \u00ab Bled \u00bb, ces exercices de 12 phrases qui nous occupaient des heures enti\u00e8res et surtout nous&hellip;<\/p>\n","protected":false},"author":2,"featured_media":519,"parent":0,"menu_order":0,"comment_status":"closed","ping_status":"closed","template":"","meta":{"footnotes":""},"class_list":["post-1429","page","type-page","status-publish","has-post-thumbnail","hentry"],"_links":{"self":[{"href":"https:\/\/laclassedemonsieurtorres.fr\/index.php\/wp-json\/wp\/v2\/pages\/1429","targetHints":{"allow":["GET"]}}],"collection":[{"href":"https:\/\/laclassedemonsieurtorres.fr\/index.php\/wp-json\/wp\/v2\/pages"}],"about":[{"href":"https:\/\/laclassedemonsieurtorres.fr\/index.php\/wp-json\/wp\/v2\/types\/page"}],"author":[{"embeddable":true,"href":"https:\/\/laclassedemonsieurtorres.fr\/index.php\/wp-json\/wp\/v2\/users\/2"}],"replies":[{"embeddable":true,"href":"https:\/\/laclassedemonsieurtorres.fr\/index.php\/wp-json\/wp\/v2\/comments?post=1429"}],"version-history":[{"count":2,"href":"https:\/\/laclassedemonsieurtorres.fr\/index.php\/wp-json\/wp\/v2\/pages\/1429\/revisions"}],"predecessor-version":[{"id":1431,"href":"https:\/\/laclassedemonsieurtorres.fr\/index.php\/wp-json\/wp\/v2\/pages\/1429\/revisions\/1431"}],"wp:featuredmedia":[{"embeddable":true,"href":"https:\/\/laclassedemonsieurtorres.fr\/index.php\/wp-json\/wp\/v2\/media\/519"}],"wp:attachment":[{"href":"https:\/\/laclassedemonsieurtorres.fr\/index.php\/wp-json\/wp\/v2\/media?parent=1429"}],"curies":[{"name":"wp","href":"https:\/\/api.w.org\/{rel}","templated":true}]}}